{"id":46,"date":"2024-02-28T12:26:21","date_gmt":"2024-02-28T11:26:21","guid":{"rendered":"http:\/\/www.marmol.biz\/?page_id=46"},"modified":"2024-02-28T15:28:01","modified_gmt":"2024-02-28T14:28:01","slug":"inicio","status":"publish","type":"page","link":"http:\/\/www.marmol.biz\/","title":{"rendered":"Inicio"},"content":{"rendered":"\n<p>Podemos ayudarle con sus instalaciones. Llevamos 60 a\u00f1os haci\u00e9ndolo.<\/p>\n\n\n\n<p>Le ofrecemos:<\/p>\n\n\n\n<ul class=\"wp-block-list\">\n<li>Instalaciones de calefacci\u00f3n, cambios de caldera, salas de caldera<\/li>\n\n\n\n<li>Instalaciones de fontaner\u00eda, reformas, cambio de ba\u00f1era por plato de ducha.<\/li>\n\n\n\n<li>Renovables, aerotermia, geotermia, energ\u00eda solar<\/li>\n\n\n\n<li>Combustibles, gas natural, propano, butano, gasoleo, etc.<\/li>\n\n\n\n<li>Mantenimientos industriales y de comunidades<\/li>\n\n\n\n<li>Reparaciones del hogar<\/li>\n<\/ul>\n\n\n\n<p>Trabajamos tanto para la construcci\u00f3n (obra nueva) como para particulares e instalaciones industriales<\/p>\n\n\n\n<div class=\"wp-block-columns is-layout-flex wp-container-core-columns-is-layout-9d6595d7 wp-block-columns-is-layout-flex\">\n<div class=\"wp-block-column is-vertically-aligned-center is-layout-flow wp-block-column-is-layout-flow\" style=\"flex-basis:33.33%\">\n<div class=\"wp-block-columns is-layout-flex wp-container-core-columns-is-layout-9d6595d7 wp-block-columns-is-layout-flex\">\n<div class=\"wp-block-column is-layout-flow wp-block-column-is-layout-flow\" style=\"flex-basis:100%\">\n<figure class=\"wp-block-image size-full is-resized is-style-rounded\"><img loading=\"lazy\" decoding=\"async\" width=\"374\" height=\"251\" src=\"http:\/\/www.marmol.biz\/wp-content\/uploads\/Calef3.jpg\" alt=\"\" class=\"wp-image-62\" style=\"width:231px;height:auto\" srcset=\"http:\/\/www.marmol.biz\/wp-content\/uploads\/Calef3.jpg 374w, http:\/\/www.marmol.biz\/wp-content\/uploads\/Calef3-300x201.jpg 300w\" sizes=\"auto, (max-width: 374px) 100vw, 374px\" \/><\/figure>\n<\/div>\n<\/div>\n<\/div>\n\n\n\n<div class=\"wp-block-column is-vertically-aligned-center is-layout-flow wp-block-column-is-layout-flow\" style=\"flex-basis:33.33%\">\n<figure class=\"wp-block-image size-full is-resized is-style-rounded\"><img loading=\"lazy\" decoding=\"async\" width=\"900\" height=\"675\" src=\"http:\/\/www.marmol.biz\/wp-content\/uploads\/solar-panel-install.jpg\" alt=\"\" class=\"wp-image-66\" style=\"width:213px;height:auto\" srcset=\"http:\/\/www.marmol.biz\/wp-content\/uploads\/solar-panel-install.jpg 900w, http:\/\/www.marmol.biz\/wp-content\/uploads\/solar-panel-install-300x225.jpg 300w, http:\/\/www.marmol.biz\/wp-content\/uploads\/solar-panel-install-768x576.jpg 768w\" sizes=\"auto, (max-width: 900px) 100vw, 900px\" \/><\/figure>\n<\/div>\n\n\n\n<div class=\"wp-block-column is-layout-flow wp-block-column-is-layout-flow\" style=\"flex-basis:33.33%\">\n<div class=\"wp-block-columns is-layout-flex wp-container-core-columns-is-layout-9d6595d7 wp-block-columns-is-layout-flex\">\n<div class=\"wp-block-column is-layout-flow wp-block-column-is-layout-flow\" style=\"flex-basis:100%\">\n<figure class=\"wp-block-image size-full is-resized is-style-rounded\"><img loading=\"lazy\" decoding=\"async\" width=\"256\" height=\"256\" src=\"http:\/\/www.marmol.biz\/wp-content\/uploads\/banera2.jpg\" alt=\"\" class=\"wp-image-65\" style=\"aspect-ratio:1.3333333333333333;object-fit:cover;width:232px;height:auto\" srcset=\"http:\/\/www.marmol.biz\/wp-content\/uploads\/banera2.jpg 256w, http:\/\/www.marmol.biz\/wp-content\/uploads\/banera2-150x150.jpg 150w\" sizes=\"auto, (max-width: 256px) 100vw, 256px\" \/><\/figure>\n<\/div>\n<\/div>\n<\/div>\n<\/div>\n","protected":false},"excerpt":{"rendered":"<p>Podemos ayudarle con sus instalaciones. Llevamos 60 a\u00f1os haci\u00e9ndolo. Le ofrecemos: Trabajamos tanto para la construcci\u00f3n (obra nueva) como para particulares e instalaciones industriales<\/p>\n","protected":false},"author":1,"featured_media":0,"parent":0,"menu_order":0,"comment_status":"closed","ping_status":"closed","template":"","meta":{"footnotes":""},"class_list":["post-46","page","type-page","status-publish","hentry"],"_links":{"self":[{"href":"http:\/\/www.marmol.biz\/index.php\/wp-json\/wp\/v2\/pages\/46","targetHints":{"allow":["GET"]}}],"collection":[{"href":"http:\/\/www.marmol.biz\/index.php\/wp-json\/wp\/v2\/pages"}],"about":[{"href":"http:\/\/www.marmol.biz\/index.php\/wp-json\/wp\/v2\/types\/page"}],"author":[{"embeddable":true,"href":"http:\/\/www.marmol.biz\/index.php\/wp-json\/wp\/v2\/users\/1"}],"replies":[{"embeddable":true,"href":"http:\/\/www.marmol.biz\/index.php\/wp-json\/wp\/v2\/comments?post=46"}],"version-history":[{"count":6,"href":"http:\/\/www.marmol.biz\/index.php\/wp-json\/wp\/v2\/pages\/46\/revisions"}],"predecessor-version":[{"id":67,"href":"http:\/\/www.marmol.biz\/index.php\/wp-json\/wp\/v2\/pages\/46\/revisions\/67"}],"wp:attachment":[{"href":"http:\/\/www.marmol.biz\/index.php\/wp-json\/wp\/v2\/media?parent=46"}],"curies":[{"name":"wp","href":"https:\/\/api.w.org\/{rel}","templated":true}]}}